{"id":13740,"date":"2020-06-24T22:54:26","date_gmt":"2020-06-24T22:54:26","guid":{"rendered":"https:\/\/shop.karkar.nl\/?page_id=13740"},"modified":"2020-06-24T23:11:53","modified_gmt":"2020-06-24T23:11:53","slug":"algemene-voorwaarden","status":"publish","type":"page","link":"https:\/\/shop.karkar.nl\/index.php\/algemene-voorwaarden\/","title":{"rendered":"Algemene voorwaarden"},"content":{"rendered":"<p>[vc_row][vc_column][vc_column_text]<\/p>\n<p class=\"p1\"><span class=\"s1\"><b>ALGEMENE VOORWAARDEN<\/b><\/span><\/p>\n<p class=\"p1\"><span class=\"s1\"><b>Artikel 1: Definities\u00a0<\/b><\/span><\/p>\n<ol class=\"ol1\">\n<li class=\"li2\"><span class=\"s1\">KARKAR, gevestigd te\u00a0Hillegom, KvK-nummer\u00a068433964, wordt in deze algemene voorwaarden aangeduid als verkoper. \u00a0<\/span><\/li>\n<li class=\"li2\"><span class=\"s1\">De wederpartij van verkoper wordt in deze algemene voorwaarden aangeduid als koper. \u00a0<\/span><\/li>\n<li class=\"li2\"><span class=\"s1\">Partijen zijn verkoper en koper samen. \u00a0<\/span><\/li>\n<li class=\"li3\"><span class=\"s1\">Met de overeenkomst wordt bedoeld de koopovereenkomst tussen partijen. \u00a0<\/span><\/li>\n<\/ol>\n<p class=\"p3\"><span class=\"s1\"><br \/>\n<b>Artikel 2: Toepasselijkheid algemene voorwaarden\u00a0<\/b><\/span><\/p>\n<ol class=\"ol1\">\n<li class=\"li2\"><span class=\"s1\">Deze voorwaarden zijn van toepassing op alle offertes, aanbiedingen, overeenkomsten en leveringen van diensten of goederen door of namens verkoper.<\/span><\/li>\n<li class=\"li3\"><span class=\"s1\">Afwijken van deze voorwaarden kan alleen als dat uitdrukkelijk \u00e9n schriftelijk door partijen is overeengekomen. \u00a0<\/span><\/li>\n<\/ol>\n<p class=\"p3\"><span class=\"s1\"><br \/>\n<b>Artikel 3: Betaling\u00a0<\/b><\/span><\/p>\n<ol class=\"ol1\">\n<li class=\"li2\"><span class=\"s1\">De volledige koopsom wordt altijd meteen in de webwinkel voldaan. Bij reserveringen wordt in sommige gevallen een aanbetaling verwacht. In dat geval krijgt de koper een bewijs van de reservering en de vooruitbetaling. \u00a0<\/span><\/li>\n<li class=\"li2\"><span class=\"s1\">Betaalt koper niet op tijd, dan is hij in gebreke. Blijft koper in gebreke, dan is verkoper gerechtigd de verplichtingen op te schorten totdat koper aan zijn betalingsverplichting heeft voldaan. \u00a0<\/span><\/li>\n<li class=\"li2\"><span class=\"s1\">Blijft koper in gebreke, dan zal verkoper tot invordering overgaan. De kosten met betrekking tot die invordering komen voor rekening van de koper. Deze incassokosten worden berekend aan de hand van het Besluit vergoeding voor buitengerechtelijke incassokosten. \u00a0<\/span><\/li>\n<li class=\"li2\"><span class=\"s1\">In geval van liquidatie, faillissement, beslag of surseance van betaling van de koper zijn de vorderingen van verkoper op de koper onmiddellijk opeisbaar.<\/span><\/li>\n<li class=\"li3\"><span class=\"s1\">Weigert koper zijn medewerking aan de uitvoering van de opdracht door verkoper, dan is hij nog steeds verplicht de afgesproken prijs aan verkoper te betalen.\u00a0\u00a0<\/span><\/li>\n<\/ol>\n<p class=\"p3\"><span class=\"s1\"><b>Artikel 4: Aanbiedingen, offertes en prijs\u00a0<\/b><\/span><\/p>\n<ol class=\"ol1\">\n<li class=\"li2\"><span class=\"s1\">Aanbiedingen zijn vrijblijvend, tenzij in het aanbod een termijn van aanvaarding is genoemd. Wordt het aanbod niet binnen die gestelde termijn aanvaard, dan vervalt het aanbod.\u00a0<\/span><\/li>\n<li class=\"li2\"><span class=\"s1\">Levertijden in offertes zijn indicatief en geven koper bij overschrijding daarvan geen recht op ontbinding of schadevergoeding, tenzij partijen uitdrukkelijk \u00e9n schriftelijk anders zijn overeengekomen. \u00a0<\/span><\/li>\n<li class=\"li2\"><span class=\"s1\">Aanbiedingen en offertes gelden niet automatisch voor nabestellingen. Partijen moeten dit uitdrukkelijk \u00e9n schriftelijk overeenkomen.\u00a0<\/span><\/li>\n<li class=\"li3\"><span class=\"s1\">De op aanbiedingen, offertes en facturen genoemde prijs bestaat uit de koopprijs inclusief de verschuldigde btw en eventuele andere overheidsheffingen.\u00a0<\/span><\/li>\n<\/ol>\n<p class=\"p3\"><span class=\"s1\"><b>Artikel 5: Herroepingsrecht<\/b><\/span><\/p>\n<ol class=\"ol1\">\n<li class=\"li2\"><span class=\"s1\">De consument krijgt het recht om na ontvangst van de bestelling binnen\u00a014\u00a0dagen de overeenkomst zonder opgave van redenen te ontbinden (herroepingsrecht). De termijn begint te lopen vanaf het moment dat de (gehele) bestelling door de consument is ontvangen.\u00a0<\/span><\/li>\n<li class=\"li2\"><span class=\"s1\">Er bestaat geen herroepingsrecht wanneer de producten volgens zijn specificaties op maat zijn gemaakt of slechts kort houdbaar zijn.<\/span><\/li>\n<li class=\"li2\"><span class=\"s1\">De consument kan een herroepingsformulier van verkoper gebruiken. Verkoper is gehouden dit terstond na de vraag van koper aan koper ter beschikking te stellen. \u00a0<\/span><\/li>\n<li class=\"li3\"><span class=\"s1\">Tijdens de bedenktijd zal de consument zorgvuldig omgaan met het product en de verpakking. Hij zal het product slechts in die mate uitpakken of gebruiken voor zover dat nodig is om te kunnen beoordelen of hij het product wenst te behouden. Indien hij van zijn herroepingsrecht gebruik maakt, zal hij het ongebruikte en onbeschadigde product met alle geleverde toebehoren en &#8211; indien redelijkerwijze mogelijk &#8211; in de originele verzendverpakking aan verkoper retourneren, conform de door de ondernemer verstrekte redelijke en duidelijke instructies.\u00a0<\/span><\/li>\n<\/ol>\n<p class=\"p3\"><span class=\"s1\"><b>Artikel 6: Wijziging van de overeenkomst<\/b><\/span><\/p>\n<ol class=\"ol1\">\n<li class=\"li2\"><span class=\"s1\">Indien tijdens de uitvoering van de overeenkomst blijkt dat het voor een behoorlijke uitvoering van de opdracht noodzakelijk is om de te verrichten werkzaamheden te wijzigen of aan te vullen, passen partijen tijdig en in onderling overleg de overeenkomst dienovereenkomstig aan. \u00a0<\/span><\/li>\n<li class=\"li2\"><span class=\"s1\">Indien partijen overeenkomen dat de overeenkomst wordt gewijzigd of aangevuld, kan het tijdstip van voltooiing van de uitvoering daardoor worden be\u00efnvloed. Verkoper stelt koper hiervan zo spoedig mogelijk op de hoogte. \u00a0<\/span><\/li>\n<li class=\"li2\"><span class=\"s1\">Indien de wijziging van of aanvulling op de overeenkomst financi\u00eble en\/of kwalitatieve consequenties heeft, licht verkoper koper hierover vooraf schriftelijk in. \u00a0<\/span><\/li>\n<li class=\"li2\"><span class=\"s1\">Indien partijen een vaste prijs zijn overeengekomen, geeft verkoper daarbij aan in hoeverre de wijziging of aanvulling van de overeenkomst een overschrijding van deze prijs tot gevolg heeft. \u00a0<\/span><\/li>\n<li class=\"li3\"><span class=\"s1\">In afwijking van het bepaalde in het derde lid van dit artikel kan verkoper geen meerkosten in rekening brengen indien de wijziging of aanvulling het gevolg is van omstandigheden die aan hem kunnen worden toegerekend.\u00a0\u00a0<\/span><\/li>\n<\/ol>\n<p class=\"p3\"><span class=\"s1\"><b>Artikel 7: Oplevering en risico-overgang<\/b><\/span><\/p>\n<ol class=\"ol1\">\n<li class=\"li3\"><span class=\"s1\">Zodra het gekochte door de koper in ontvangst is genomen, gaat het risico over van verkoper naar koper.\u00a0 \u00a0<\/span><\/li>\n<\/ol>\n<p class=\"p3\"><span class=\"s1\"><b>Artikel 8: Onderzoek, reclames<\/b><\/span><\/p>\n<ol class=\"ol1\">\n<li class=\"li2\"><span class=\"s1\">Koper is gehouden het geleverde op het moment van (af)levering, maar in ieder geval binnen zo kort mogelijke termijn te (doen) onderzoeken. Daarbij behoort koper te onderzoeken of kwaliteit en kwantiteit van het geleverde overeenstemmen met hetgeen partijen zijn overeengekomen, althans dat kwaliteit en kwantiteit voldoen aan de eisen die daaraan in het normale (handels)verkeer gelden.\u00a0<\/span><\/li>\n<li class=\"li2\"><span class=\"s1\">Reclames met betrekking tot beschadigingen, tekorten of verlies van geleverde goederen moeten binnen 10 werkdagen na de dag van aflevering van de goederen door koper schriftelijk bij verkoper worden ingediend.\u00a0<\/span><\/li>\n<li class=\"li2\"><span class=\"s1\">Bij gegrondverklaring van de klacht binnen de gestelde termijn heeft verkoper het recht om \u00f3f te herstellen, \u00f3f opnieuw te leveren, \u00f3f om van levering af te zien en koper een creditnota te sturen voor dat deel van de koopprijs.\u00a0<\/span><\/li>\n<li class=\"li2\"><span class=\"s1\">Geringe en\/of in de branche gebruikelijke afwijkingen en verschil in kwaliteit, aantal, maat of afwerking kunnen niet aan verkoper worden tegengeworpen.\u00a0<\/span><\/li>\n<li class=\"li2\"><span class=\"s1\">Klachten met betrekking tot een bepaald product hebben geen invloed op andere producten dan wel onderdelen behorende bij diezelfde overeenkomst.\u00a0<\/span><\/li>\n<li class=\"li3\"><span class=\"s1\">Na het verwerken van de goederen bij koper worden geen reclames meer geaccepteerd.\u00a0<\/span><\/li>\n<\/ol>\n<p class=\"p3\"><span class=\"s1\"><b>Artikel 9: Monsters en modellen<\/b><\/span><\/p>\n<ol class=\"ol1\">\n<li class=\"li2\"><span class=\"s1\">Is aan koper een monster of model getoond of verstrekt, dan wordt het vermoed slechts als aanduiding te zijn verstrekt zonder dat de te leveren zaak daaraan behoeft te beantwoorden. Dit is anders als partijen uitdrukkelijk zijn overeengekomen dat de te leveren zaak wel daarmee zal overeenstemmen.\u00a0<\/span><\/li>\n<li class=\"li3\"><span class=\"s1\">Bij overeenkomsten ter zake van een onroerende zaak wordt vermelding van de oppervlakte of andere afmetingen en aanduidingen eveneens vermoed slechts als aanduiding bedoeld te zijn, zonder dat de te leveren zaak daaraan behoeft te beantwoorden.\u00a0<\/span><\/li>\n<\/ol>\n<p class=\"p3\"><span class=\"s1\"><b>Artikel 10: Levering<\/b><\/span><\/p>\n<ol class=\"ol1\">\n<li class=\"li2\"><span class=\"s1\">Levering geschiedt \u2018af fabriek\/winkel\/magazijn\u2019. Dit houdt in dat alle kosten voor koper zijn.<\/span><\/li>\n<li class=\"li2\"><span class=\"s1\">Koper is verplicht de zaken af te nemen op het moment dat verkoper deze bij hem aflevert of doet afleveren, dan wel op het moment waarop deze zaken hem volgens de overeenkomst ter beschikking worden gesteld.<\/span><\/li>\n<li class=\"li2\"><span class=\"s1\">Indien koper afname weigert of nalatig is in het verstrekken van informatie of instructies die noodzakelijk zijn voor de levering, is verkoper gerechtigd de zaak voor rekening en risico van koper op te slaan.\u00a0<\/span><\/li>\n<li class=\"li2\"><span class=\"s1\">Indien de zaken worden bezorgd, is verkoper gerechtigd eventuele bezorgkosten in rekening te brengen.\u00a0<\/span><\/li>\n<li class=\"li2\"><span class=\"s1\">Indien verkoper gegevens van koper nodig heeft voor de uitvoering van de overeenkomst, vangt de levertijd aan nadat koper deze gegevens aan verkoper ter beschikking heeft gesteld.\u00a0<\/span><\/li>\n<li class=\"li2\"><span class=\"s1\">Een door verkoper opgegeven termijn voor levering is indicatief. Dit is nooit een fatale termijn. Bij overschrijding van de termijn moet koper verkoper schriftelijk in gebreke stellen.\u00a0<\/span><\/li>\n<li class=\"li3\"><span class=\"s1\">Verkoper is gerechtigd de zaken in gedeelten te leveren, tenzij partijen dit anders schriftelijk zijn overeengekomen of aan deellevering geen zelfstandige waarde toekomt. Verkoper is bij levering in delen gerechtigd deze delen afzonderlijk te factureren.\u00a0<\/span><\/li>\n<\/ol>\n<p class=\"p3\"><span class=\"s1\"><b>Artikel 11: Overmacht<\/b><\/span><\/p>\n<ol class=\"ol1\">\n<li class=\"li2\"><span class=\"s1\">Kan verkoper niet, niet tijdig of niet behoorlijk aan zijn verplichtingen uit de overeenkomst voldoen door overmacht, dan is hij niet aansprakelijk voor door koper geleden schade. \u00a0\u00a0<\/span><\/li>\n<li class=\"li2\"><span class=\"s1\">Onder overmacht verstaan partijen in ieder geval iedere omstandigheid waarmee verkoper ten tijde van het aangaan van de overeenkomst geen rekening kon houden en ten gevolge waarvan de normale uitvoering van de overeenkomst redelijkerwijs niet door koper kan worden verlangd zoals bijvoorbeeld ziekte, oorlog of oorlogsgevaar, burgeroorlog en oproer, molest, sabotage, terrorisme, energiestoring, overstroming, aardbeving, brand, bedrijfsbezetting, werkstakingen, werkliedenuitsluiting, gewijzigde overheidsmaatregelen, transportmoeilijkheden, en andere storingen in het bedrijf van verkoper. \u00a0<\/span><\/li>\n<li class=\"li2\"><span class=\"s1\">Voorts verstaan partijen onder overmacht de omstandigheid dat toeleveringsbedrijven waarvan verkoper afhankelijk is voor de uitvoering van de overeenkomst, niet aan de contractuele verplichtingen jegens verkoper voldoen, tenzij zulks aan verkoper te verwijten is. \u00a0<\/span><\/li>\n<li class=\"li2\"><span class=\"s1\">Indien zich een situatie als hiervoor bedoeld voordoet als gevolg waarvan verkoper niet aan zijn verplichtingen jegens koper kan voldoen, dan worden die verplichtingen opgeschort zolang verkoper niet aan zijn verplichtingen kan voldoen. Indien de in de vorige zin bedoelde situatie 30 kalenderdagen heeft geduurd, hebben partijen het recht de overeenkomst schriftelijk geheel of gedeeltelijk te ontbinden.<\/span><\/li>\n<li class=\"li3\"><span class=\"s1\">Ingeval de overmacht langer dan drie maanden voortduurt, heeft koper het recht de overeenkomst met onmiddellijke ingang te ontbinden. Ontbinding kan alleen via een aangetekende brief.<\/span><\/li>\n<\/ol>\n<p class=\"p3\"><span class=\"s1\"><b>Artikel 12: Overdracht van rechten<\/b><\/span><\/p>\n<ol class=\"ol1\">\n<li class=\"li3\"><span class=\"s1\">Rechten van een partij uit deze overeenkomst kunnen niet worden overgedragen zonder de voorafgaande schriftelijke instemming van de andere partij. Deze bepaling geldt als een beding met goederenrechtelijke werking zoals bedoeld in artikel 3:83, tweede lid, Burgerlijk Wetboek.\u00a0\u00a0<\/span><\/li>\n<\/ol>\n<p class=\"p3\"><span class=\"s1\"><b>Artikel 13: Eigendomsvoorbehoud en retentierecht<\/b><\/span><\/p>\n<ol class=\"ol1\">\n<li class=\"li2\"><span class=\"s1\">De bij verkoper aanwezige zaken en geleverde zaken en onderdelen blijven eigendom van verkoper totdat koper de gehele afgesproken prijs heeft betaald. Tot die tijd kan verkoper zich beroepen op zijn eigendomsvoorbehoud en de zaken terugnemen. \u00a0<\/span><\/li>\n<li class=\"li2\"><span class=\"s1\">Indien de overeengekomen vooruit te betalen bedragen niet of niet op tijd worden voldaan, heeft verkoper het recht om de werkzaamheden op te schorten totdat het overeengekomen deel alsnog is voldaan. Er is dan sprake van schuldeisersverzuim. Een verlate levering kan in dat geval niet aan verkoper worden tegengeworpen. \u00a0<\/span><\/li>\n<li class=\"li2\"><span class=\"s1\">Verkoper is niet bevoegd de onder zijn eigendomsvoorbehoud vallende zaken te verpanden noch op enige andere wijze te bezwaren.<\/span><\/li>\n<li class=\"li2\"><span class=\"s1\">Verkoper verplicht zich de onder eigendomsvoorbehoud aan koper geleverde zaken te verzekeren en verzekerd te houden tegen brand, ontploffings- en waterschade alsmede tegen diefstal en de polis op eerste verzoek ter inzage te geven. \u00a0<\/span><\/li>\n<li class=\"li2\"><span class=\"s1\">Indien zaken nog niet zijn geleverd, maar de overeengekomen vooruitbetaling of prijs niet conform afspraak is voldaan, heeft verkoper het recht van retentie. De zaak wordt dan niet geleverd totdat koper volledig en conform afspraak heeft betaald. \u00a0<\/span><\/li>\n<li class=\"li3\"><span class=\"s1\">In geval van liquidatie, insolventie of surseance van betaling van koper zijn de verplichtingen van koper onmiddellijk opeisbaar.\u00a0\u00a0<\/span><\/li>\n<\/ol>\n<p class=\"p3\"><span class=\"s1\"><b>Artikel 14: Aansprakelijkheid\u00a0<\/b><\/span><\/p>\n<ol class=\"ol1\">\n<li class=\"li2\"><span class=\"s1\">Iedere aansprakelijkheid voor schade, voortvloeiende uit of verband houdende met de uitvoering van een overeenkomst, is steeds beperkt tot het bedrag dat in het desbetreffende geval door de gesloten aansprakelijkheidsverzekering(en) wordt uitbetaald. Dit bedrag wordt vermeerderd met het bedrag van het eigen risico volgens de desbetreffende polis. \u00a0<\/span><\/li>\n<li class=\"li3\"><span class=\"s1\">Niet uitgesloten is de aansprakelijkheid van verkoper voor schade die het gevolg is van opzet of bewuste roekeloosheid van verkoper of zijn leidinggevende ondergeschikten.<br \/>\n<\/span><\/li>\n<\/ol>\n<p class=\"p3\"><span class=\"s1\"><b>Artikel 15: Klachtplicht<\/b><\/span><\/p>\n<ol class=\"ol1\">\n<li class=\"li2\"><span class=\"s1\">Koper is verplicht klachten over de verrichte werkzaamheden direct te melden aan verkoper. De klacht bevat een zo gedetailleerd mogelijke omschrijving van de tekortkoming, zodat verkoper in staat is hierop adequaat te reageren. \u00a0<\/span><\/li>\n<li class=\"li3\"><span class=\"s1\">Is een klacht gegrond, dan is verkoper gehouden het goed te herstellen en eventueel te vervangen.<\/span><\/li>\n<\/ol>\n<p class=\"p3\"><span class=\"s1\"><b>Artikel 16: Garanties<\/b><\/span><\/p>\n<ol class=\"ol1\">\n<li class=\"li2\"><span class=\"s1\">Indien in de overeenkomst garanties zijn opgenomen, geldt het hiernavolgende. Verkoper garandeert dat het verkochte aan de overeenkomst beantwoordt, dat het zonder gebreken zal functioneren en dat het geschikt is voor het gebruik dat koper voornemens is ervan te maken. Deze garantie geldt voor een periode van twee kalenderjaren na ontvangst van het verkochte\u00a0door koper.\u00a0<\/span><\/li>\n<li class=\"li2\"><span class=\"s1\">De bedoelde garantie strekt ertoe om tussen verkoper en koper een zodanige risicoverdeling tot stand te brengen dat de gevolgen van een inbreuk op een garantie steeds volledig voor rekening en risico van verkoper komen en dat verkoper zich ter zake een inbreuk op een garantie nooit kan beroepen op artikel 6:75 BW. Het bepaalde in de vorige zin geldt ook als de inbreuk bij koper bekend was of bekend had kunnen zijn door het verrichten van onderzoek.\u00a0<\/span><\/li>\n<li class=\"li2\"><span class=\"s1\">De genoemde garantie geldt niet wanneer het gebrek is ontstaan als gevolg van onoordeelkundig of oneigenlijk gebruik of wanneer &#8211; zonder toestemming &#8211; koper of derden wijzigingen hebben aangebracht dan wel geprobeerd hebben aan te brengen of het gekochte hebben gebruikt voor doeleinden waarvoor het niet bestemd is.\u00a0<\/span><\/li>\n<li class=\"li3\"><span class=\"s1\">Indien de door verkoper verstrekte garantie betrekking heeft op een door een derde geproduceerde zaak is de garantie beperkt tot de garantie die door die producent wordt verstrekt.\u00a0<\/span><\/li>\n<\/ol>\n<p class=\"p3\"><span class=\"s1\"><b>Artikel 17: Toepasselijk recht<\/b>\u00a0<b>en bevoegde rechter<\/b><\/span><\/p>\n<ol class=\"ol1\">\n<li class=\"li2\"><span class=\"s1\">Op iedere overeenkomst tussen partijen is uitsluitend het Nederlands recht van toepassing.\u00a0<\/span><\/li>\n<li class=\"li2\"><span class=\"s1\">De Nederlandse rechter in het arrondissement waar\u00a0KARKAR\u00a0is gevestigd\/praktijk houdt\/kantoor houdt is exclusief bevoegd om kennis te nemen van eventuele geschillen tussen partijen, tenzij de wet dwingend anders voorschrijft.<\/span><\/li>\n<li class=\"li2\"><span class=\"s1\">De toepasselijkheid van het Weens Koopverdrag is uitgesloten.<\/span><\/li>\n<li class=\"li3\"><span class=\"s1\">Wanneer in een gerechtelijke procedure \u00e9\u00e9n of meerdere bepalingen van deze algemene voorwaarden als onredelijk bezwarend worden aangemerkt, dan blijven de overige bepalingen onverminderd van kracht.\u00a0<\/span><\/li>\n<\/ol>\n<p class=\"p3\"><span class=\"s1\"><b>Artikel 18: Contactinformatie<\/b><\/span><\/p>\n<ol class=\"ol1\">\n<li class=\"li3\">Voor vragen of opmerkingen kan je contact opnemen met info@karkar.nl.<\/li>\n<li>Vestigingsadres is Willem Alexanderheem 14, 2181SG Hillegom.<\/li>\n<li>Telefoonnummer is +31 6 127 55 426.<\/li>\n<li>Social media kanalen zijn Instagram: <a href=\"https:\/\/www.instagram.com\/karkarnl\/\">KARKARNL<\/a> en Facebook <a href=\"https:\/\/www.facebook.com\/KARKARStudio\/\">KARKARStudio<\/a>.<\/li>\n<\/ol>\n<p>[\/vc_column_text][\/vc_column][\/vc_row]<\/p>\n","protected":false},"excerpt":{"rendered":"<p>[vc_row][vc_column][vc_column_text] ALGEMENE VOORWAARDEN Artikel 1: Definities\u00a0 KARKAR, gevestigd te\u00a0Hillegom, KvK-nummer\u00a068433964, wordt in deze algemene voorwaarden aangeduid als verkoper. \u00a0 De wederpartij van verkoper wordt in deze algemene voorwaarden aangeduid als&hellip;<\/p>\n","protected":false},"author":2,"featured_media":0,"parent":0,"menu_order":0,"comment_status":"closed","ping_status":"closed","template":"","meta":{"spay_email":""},"jetpack_sharing_enabled":true,"jetpack_shortlink":"https:\/\/wp.me\/Pa6f5Y-3zC","_links":{"self":[{"href":"https:\/\/shop.karkar.nl\/index.php\/wp-json\/wp\/v2\/pages\/13740"}],"collection":[{"href":"https:\/\/shop.karkar.nl\/index.php\/wp-json\/wp\/v2\/pages"}],"about":[{"href":"https:\/\/shop.karkar.nl\/index.php\/wp-json\/wp\/v2\/types\/page"}],"author":[{"embeddable":true,"href":"https:\/\/shop.karkar.nl\/index.php\/wp-json\/wp\/v2\/users\/2"}],"replies":[{"embeddable":true,"href":"https:\/\/shop.karkar.nl\/index.php\/wp-json\/wp\/v2\/comments?post=13740"}],"version-history":[{"count":5,"href":"https:\/\/shop.karkar.nl\/index.php\/wp-json\/wp\/v2\/pages\/13740\/revisions"}],"predecessor-version":[{"id":13747,"href":"https:\/\/shop.karkar.nl\/index.php\/wp-json\/wp\/v2\/pages\/13740\/revisions\/13747"}],"wp:attachment":[{"href":"https:\/\/shop.karkar.nl\/index.php\/wp-json\/wp\/v2\/media?parent=13740"}],"curies":[{"name":"wp","href":"https:\/\/api.w.org\/{rel}","templated":true}]}}